{"id":78,"date":"2017-02-09T14:02:10","date_gmt":"2017-02-09T14:02:10","guid":{"rendered":"http:\/\/strothteicher.com\/?page_id=78"},"modified":"2017-02-10T13:41:56","modified_gmt":"2017-02-10T13:41:56","slug":"informationen","status":"publish","type":"page","link":"https:\/\/www.strothteicher.com\/?page_id=78","title":{"rendered":"Infos &#038; Links"},"content":{"rendered":"<h1>Computer und Sicherheit<\/h1>\n<p><a href=\"https:\/\/www.bsi.bund.de\" target=\"_blank\">Bundesamt f\u00fcr Sicherheit in der Informationstechnik (BSI)<\/a><\/p>\n<p>Bundesdeutsche Sicherheitsbeh\u00f6rde<\/p>\n<p><a href=\"https:\/\/www.bsi-fuer-buerger.de\" target=\"_blank\">BSI f\u00fcr B\u00fcrger<\/a><\/p>\n<p>IT-Sicherheit f\u00fcr Privatpersonen<\/p>\n<p><a href=\"https:\/\/www.heise.de\/security\/\" target=\"_blank\">Heise Security<\/a><\/p>\n<p>Renomierte Sicherheits-Website des Heise-Verlags<\/p>\n<p><a href=\"https:\/\/howsecureismypassword.net\/\" target=\"_blank\">How secure is my password?<\/a><\/p>\n<p>Test der Dauer der Sicherheit von Kennw\u00f6rten (Bitte keine Originale nutzen!)<\/p>\n<p><a href=\"http:\/\/www.passwordmeter.com\/\" target=\"_blank\">The Password Meter<\/a><\/p>\n<p>Den Aufbau eines sicheren Kennwortes trainieren!<\/p>\n<p><a href=\"https:\/\/www.gpg4win.de\/\" target=\"_blank\">GPG4Win<\/a><\/p>\n<p>Deutschsprachiges Kryptografie-Werkzeugpaket f\u00fcr Windows<\/p>\n<p><a href=\"http:\/\/www.keepass.info\/\" target=\"_blank\">KeePass Password Safe<\/a><\/p>\n<p>Platform\u00fcbergreifender Kennworttresor (Windows, Linux, Android, iOS u.v.m.)<\/p>\n<h1>Kinder- und Jugendschutz im Internet<\/h1>\n<p><a href=\"http:\/\/www.sicher-online-gehen.de\/\" target=\"_blank\">Sicher online gehen<\/a> &#8211; Kinderschutz im Internet<\/p>\n<p>Angebot des Bundesministeriums f\u00fcr Familie, Senioren, Frauen und Jugend<\/p>\n<p><a href=\"http:\/\/www.klicksafe.de\" target=\"_blank\">KlickSafe.de<\/a> &#8211; Die EU-Initiative f\u00fcr mehr Sicherheit im Netz<\/p>\n<p>Initiative &#8218;klicksafe&#8216; der Europ\u00e4ischen Union f\u00fcr mehr Sicherheit im Internet<\/p>\n<h1>Android Smartphones<\/h1>\n<p><a href=\"https:\/\/www.xda-developers.com\/\" target=\"_blank\">XDA Developers<\/a><\/p>\n<p>Internet-Forum zum flashen und rooten (u.a. LineageOS (ex)CyanogenMod)<\/p>\n<p><a href=\"http:\/\/odindownload.com\" target=\"_blank\">ODIN Android ROM Flashing Tool<\/a><\/p>\n<p>Windows-Tool zum Flashen von Smartphones &#8211; Vorsicht, sonst Ziegelstein!<\/p>\n<p><a href=\"https:\/\/twrp.me\/\" target=\"_blank\">TWRP Team Win Recovery Project<\/a><\/p>\n<p>Custom Recovery Umgebung &#8211; Vorsicht, sonst Ziegelstein!<\/p>\n<p><a href=\"https:\/\/www.inside-handy.de\/\" target=\"_blank\">Inside Handy<\/a><\/p>\n<p>Website mit Testberichten, Vergleichslisten und zu Smartphone-Themen<\/p>\n<h1>Musik aus dem Internet<\/h1>\n<p>Mp3 &amp; Co.<\/p>\n<p>Sites (convert2mp3 u.a.)<\/p>\n<p>Tools (Audacity, Audiograbber, mp3Tag, VLC mediaplayer, Virtual DJ, Picard, MediaPurge uvm.)<\/p>\n<h1>Weltspiegel<\/h1>\n<p>Curiosit\u00e4ten aus aller Welt!<\/p>\n<p>&#8230; und demn\u00e4chst noch viel mehr! \ud83d\ude09<\/p>\n","protected":false},"excerpt":{"rendered":"<p>Computer und Sicherheit Bundesamt f\u00fcr Sicherheit in der Informationstechnik (BSI) Bundesdeutsche Sicherheitsbeh\u00f6rde BSI f\u00fcr B\u00fcrger IT-Sicherheit f\u00fcr Privatpersonen Heise Security Renomierte Sicherheits-Website des Heise-Verlags How secure is my password? Test der Dauer der Sicherheit von Kennw\u00f6rten (Bitte keine Originale nutzen!) The Password Meter Den Aufbau eines sicheren Kennwortes trainieren! GPG4Win Deutschsprachiges Kryptografie-Werkzeugpaket f\u00fcr Windows KeePass &hellip; <\/p>\n<p class=\"link-more\"><a href=\"https:\/\/www.strothteicher.com\/?page_id=78\" class=\"more-link\"><span class=\"screen-reader-text\">\u201eInfos &#038; Links\u201c<\/span> weiterlesen<\/a><\/p>\n","protected":false},"author":1,"featured_media":0,"parent":0,"menu_order":0,"comment_status":"closed","ping_status":"closed","template":"","meta":{"ngg_post_thumbnail":0,"footnotes":""},"class_list":["post-78","page","type-page","status-publish","hentry"],"_links":{"self":[{"href":"https:\/\/www.strothteicher.com\/index.php?rest_route=\/wp\/v2\/pages\/78","targetHints":{"allow":["GET"]}}],"collection":[{"href":"https:\/\/www.strothteicher.com\/index.php?rest_route=\/wp\/v2\/pages"}],"about":[{"href":"https:\/\/www.strothteicher.com\/index.php?rest_route=\/wp\/v2\/types\/page"}],"author":[{"embeddable":true,"href":"https:\/\/www.strothteicher.com\/index.php?rest_route=\/wp\/v2\/users\/1"}],"replies":[{"embeddable":true,"href":"https:\/\/www.strothteicher.com\/index.php?rest_route=%2Fwp%2Fv2%2Fcomments&post=78"}],"version-history":[{"count":6,"href":"https:\/\/www.strothteicher.com\/index.php?rest_route=\/wp\/v2\/pages\/78\/revisions"}],"predecessor-version":[{"id":113,"href":"https:\/\/www.strothteicher.com\/index.php?rest_route=\/wp\/v2\/pages\/78\/revisions\/113"}],"wp:attachment":[{"href":"https:\/\/www.strothteicher.com\/index.php?rest_route=%2Fwp%2Fv2%2Fmedia&parent=78"}],"curies":[{"name":"wp","href":"https:\/\/api.w.org\/{rel}","templated":true}]}}